{"id":3968,"date":"2025-02-08T17:48:41","date_gmt":"2025-02-08T17:48:41","guid":{"rendered":"https:\/\/well-lighting.com\/?page_id=3968"},"modified":"2026-02-17T11:26:26","modified_gmt":"2026-02-17T11:26:26","slug":"iletisim","status":"publish","type":"page","link":"https:\/\/well-lighting.com\/en\/iletisim\/","title":{"rendered":"Communication"},"content":{"rendered":"<div class=\"wp-block-group alignfull is-content-justification-space-between is-layout-flex wp-container-core-group-is-layout-375e84fb wp-block-group-is-layout-flex\" style=\"border-style:none;border-width:0px;border-top-left-radius:18px;border-top-right-radius:18px;border-bottom-left-radius:18px;border-bottom-right-radius:18px;padding-top:var(--wp--preset--spacing--70);padding-right:var(--wp--preset--spacing--70);padding-bottom:var(--wp--preset--spacing--30);padding-left:var(--wp--preset--spacing--60)\" data-block-type=\"core\">\n<div class=\"wp-block-group is-layout-flex wp-container-core-group-is-layout-7a92790e wp-block-group-is-layout-flex\" data-block-type=\"core\"><div class=\"wp-block-site-logo wp-duotone-unset-1\" data-block-type=\"core\"><a href=\"https:\/\/well-lighting.com\/en\/\" class=\"custom-logo-link\" rel=\"home\"><img loading=\"lazy\" decoding=\"async\" width=\"146\" height=\"72\" src=\"https:\/\/well-lighting.com\/wp-content\/uploads\/2020\/01\/WELL-LOGO_yuksek-coz_ince-uzun.png\" class=\"custom-logo\" alt=\"WELL Lighting Design\" srcset=\"https:\/\/well-lighting.com\/wp-content\/uploads\/2020\/01\/WELL-LOGO_yuksek-coz_ince-uzun.png 2699w, https:\/\/well-lighting.com\/wp-content\/uploads\/2020\/01\/WELL-LOGO_yuksek-coz_ince-uzun-300x149.png 300w, https:\/\/well-lighting.com\/wp-content\/uploads\/2020\/01\/WELL-LOGO_yuksek-coz_ince-uzun-1024x508.png 1024w, https:\/\/well-lighting.com\/wp-content\/uploads\/2020\/01\/WELL-LOGO_yuksek-coz_ince-uzun-768x381.png 768w, https:\/\/well-lighting.com\/wp-content\/uploads\/2020\/01\/WELL-LOGO_yuksek-coz_ince-uzun-1536x762.png 1536w, https:\/\/well-lighting.com\/wp-content\/uploads\/2020\/01\/WELL-LOGO_yuksek-coz_ince-uzun-2048x1016.png 2048w, https:\/\/well-lighting.com\/wp-content\/uploads\/2020\/01\/WELL-LOGO_yuksek-coz_ince-uzun-1440x720.png 1440w\" sizes=\"auto, (max-width: 146px) 100vw, 146px\" title=\"\"><\/a><\/div><\/div>\n\n\n\n<div class=\"wp-block-group alignfull has-background-color is-nowrap is-layout-flex wp-container-core-group-is-layout-e1f74bb0 wp-block-group-is-layout-flex\" style=\"margin-top:0;margin-bottom:0;padding-top:var(--wp--preset--spacing--40);padding-right:var(--wp--preset--spacing--30);padding-bottom:var(--wp--preset--spacing--40);padding-left:var(--wp--preset--spacing--30)\" data-block-type=\"core\">\n<div class=\"wp-block-group alignwide is-content-justification-space-between is-layout-flex wp-container-core-group-is-layout-b585a4aa wp-block-group-is-layout-flex\" data-block-type=\"core\">\n<div class=\"wp-block-group is-layout-flex wp-block-group-is-layout-flex\" data-block-type=\"core\"><nav style=\"font-size:clamp(14px, 0.875rem + ((1vw - 3.2px) * 0.156), 16px);\" class=\"has-text-color has-palette-color-1-color is-responsive items-justified-center wp-block-navigation is-content-justification-center is-layout-flex wp-container-core-navigation-is-layout-44f63b59 wp-block-navigation-is-layout-flex\" aria-label=\"Main Menu\" \n\t\t data-wp-interactive=\"core\/navigation\" data-wp-context='{\"overlayOpenedBy\":{\"click\":false,\"hover\":false,\"focus\":false},\"type\":\"overlay\",\"roleAttribute\":\"\",\"ariaLabel\":\"Menu\"}' data-block-type=\"core\"><button aria-haspopup=\"dialog\" aria-label=\"Open menu\" class=\"wp-block-navigation__responsive-container-open\" \n\t\t\t\tdata-wp-on--click=\"actions.openMenuOnClick\"\n\t\t\t\tdata-wp-on--keydown=\"actions.handleMenuKeydown\"\n\t\t\t><svg width=\"24\" height=\"24\" xmlns=\"http:\/\/www.w3.org\/2000\/svg\" viewbox=\"0 0 24 24\"><path d=\"M5 5v1.5h14V5H5z\"><\/path><path d=\"M5 12.8h14v-1.5H5v1.5z\"><\/path><path d=\"M5 19h14v-1.5H5V19z\"><\/path><\/svg><\/button>\n\t\t\t\t<div class=\"wp-block-navigation__responsive-container\"  id=\"modal-2\" \n\t\t\t\tdata-wp-class--has-modal-open=\"state.isMenuOpen\"\n\t\t\t\tdata-wp-class--is-menu-open=\"state.isMenuOpen\"\n\t\t\t\tdata-wp-watch=\"callbacks.initMenu\"\n\t\t\t\tdata-wp-on--keydown=\"actions.handleMenuKeydown\"\n\t\t\t\tdata-wp-on--focusout=\"actions.handleMenuFocusout\"\n\t\t\t\ttabindex=\"-1\"\n\t\t\t>\n\t\t\t\t\t<div class=\"wp-block-navigation__responsive-close\" tabindex=\"-1\">\n\t\t\t\t\t\t<div class=\"wp-block-navigation__responsive-dialog\" \n\t\t\t\tdata-wp-bind--aria-modal=\"state.ariaModal\"\n\t\t\t\tdata-wp-bind--aria-label=\"state.ariaLabel\"\n\t\t\t\tdata-wp-bind--role=\"state.roleAttribute\"\n\t\t\t>\n\t\t\t\t\t\t\t<button aria-label=\"Close menu\" class=\"wp-block-navigation__responsive-container-close\" \n\t\t\t\tdata-wp-on--click=\"actions.closeMenuOnClick\"\n\t\t\t><svg xmlns=\"http:\/\/www.w3.org\/2000\/svg\" viewbox=\"0 0 24 24\" width=\"24\" height=\"24\" aria-hidden=\"true\" focusable=\"false\"><path d=\"m13.06 12 6.47-6.47-1.06-1.06L12 10.94 5.53 4.47 4.47 5.53 10.94 12l-6.47 6.47 1.06 1.06L12 13.06l6.47 6.47 1.06-1.06L13.06 12Z\"><\/path><\/svg><\/button>\n\t\t\t\t\t\t\t<div class=\"wp-block-navigation__responsive-container-content\" \n\t\t\t\tdata-wp-watch=\"callbacks.focusFirstElement\"\n\t\t\t id=\"modal-2-content\">\n\t\t\t\t\t\t\t\t<ul style=\"font-size:clamp(14px, 0.875rem + ((1vw - 3.2px) * 0.156), 16px);\" class=\"wp-block-navigation__container has-text-color has-palette-color-1-color is-responsive items-justified-center wp-block-navigation\"><li data-wp-context=\"{ &quot;submenuOpenedBy&quot;: { &quot;click&quot;: false, &quot;hover&quot;: false, &quot;focus&quot;: false }, &quot;type&quot;: &quot;submenu&quot;, &quot;modal&quot;: null, &quot;previousFocus&quot;: null }\" data-wp-interactive=\"core\/navigation\" data-wp-on--focusout=\"actions.handleMenuFocusout\" data-wp-on--keydown=\"actions.handleMenuKeydown\" data-wp-on--mouseenter=\"actions.openMenuOnHover\" data-wp-on--mouseleave=\"actions.closeMenuOnHover\" data-wp-watch=\"callbacks.initMenu\" tabindex=\"-1\" style=\"font-size: clamp(14px, 0.875rem + ((1vw - 3.2px) * 0.156), 16px); font-size:clamp(14px, 0.875rem + ((1vw - 3.2px) * 0.156), 16px);font-style:normal;font-weight:600;\" class=\"wp-block-navigation-item has-child open-on-hover-click wp-block-navigation-submenu\" data-block-type=\"core\"><a class=\"wp-block-navigation-item__content\" href=\"https:\/\/well-lighting.com\/en\/\"><span class=\"wp-block-navigation-item__label\">WELL<\/span><\/a><button data-wp-bind--aria-expanded=\"state.isMenuOpen\" data-wp-on--click=\"actions.toggleMenuOnClick\" aria-label=\"WELL submenu\" class=\"wp-block-navigation__submenu-icon wp-block-navigation-submenu__toggle\" ><svg xmlns=\"http:\/\/www.w3.org\/2000\/svg\" width=\"12\" height=\"12\" viewbox=\"0 0 12 12\" fill=\"none\" aria-hidden=\"true\" focusable=\"false\"><path d=\"M1.50002 4L6.00002 8L10.5 4\" stroke-width=\"1.5\"><\/path><\/svg><\/button><ul data-wp-on--focus=\"actions.openMenuOnFocus\" style=\"font-size:clamp(14px, 0.875rem + ((1vw - 3.2px) * 0.156), 16px);font-style:normal;font-weight:600;\" class=\"wp-block-navigation__submenu-container wp-block-navigation-submenu\"><li style=\"font-size: clamp(14px, 0.875rem + ((1vw - 3.2px) * 0.156), 16px); font-size:clamp(14px, 0.875rem + ((1vw - 3.2px) * 0.156), 16px);font-style:normal;font-weight:400;\" class=\"wp-block-navigation-item wp-block-navigation-link\" data-block-type=\"core\"><a class=\"wp-block-navigation-item__content\"  href=\"https:\/\/well-lighting.com\/en\/hakkimizda\/\"><span class=\"wp-block-navigation-item__label\">About Us<\/span><\/a><\/li><\/ul><\/li><li data-wp-context=\"{ &quot;submenuOpenedBy&quot;: { &quot;click&quot;: false, &quot;hover&quot;: false, &quot;focus&quot;: false }, &quot;type&quot;: &quot;submenu&quot;, &quot;modal&quot;: null, &quot;previousFocus&quot;: null }\" data-wp-interactive=\"core\/navigation\" data-wp-on--focusout=\"actions.handleMenuFocusout\" data-wp-on--keydown=\"actions.handleMenuKeydown\" data-wp-on--mouseenter=\"actions.openMenuOnHover\" data-wp-on--mouseleave=\"actions.closeMenuOnHover\" data-wp-watch=\"callbacks.initMenu\" tabindex=\"-1\" style=\"font-size: clamp(14px, 0.875rem + ((1vw - 3.2px) * 0.156), 16px);\" class=\"wp-block-navigation-item has-child open-on-hover-click wp-block-navigation-submenu\" data-block-type=\"core\"><a class=\"wp-block-navigation-item__content\" href=\"#\"><span class=\"wp-block-navigation-item__label\">Our Services<\/span><\/a><button data-wp-bind--aria-expanded=\"state.isMenuOpen\" data-wp-on--click=\"actions.toggleMenuOnClick\" aria-label=\"Hizmetlerimiz submenu\" class=\"wp-block-navigation__submenu-icon wp-block-navigation-submenu__toggle\" ><svg xmlns=\"http:\/\/www.w3.org\/2000\/svg\" width=\"12\" height=\"12\" viewbox=\"0 0 12 12\" fill=\"none\" aria-hidden=\"true\" focusable=\"false\"><path d=\"M1.50002 4L6.00002 8L10.5 4\" stroke-width=\"1.5\"><\/path><\/svg><\/button><ul data-wp-on--focus=\"actions.openMenuOnFocus\" class=\"wp-block-navigation__submenu-container wp-block-navigation-submenu\"><li style=\"font-size: clamp(14px, 0.875rem + ((1vw - 3.2px) * 0.156), 16px); font-size:clamp(14px, 0.875rem + ((1vw - 3.2px) * 0.156), 16px);\" class=\"wp-block-navigation-item wp-block-navigation-link\" data-block-type=\"core\"><a class=\"wp-block-navigation-item__content\"  href=\"https:\/\/well-lighting.com\/en\/proje-surecleri\/\"><span class=\"wp-block-navigation-item__label\">Project Processes<\/span><\/a><\/li><li style=\"font-size: clamp(14px, 0.875rem + ((1vw - 3.2px) * 0.156), 16px); font-size:clamp(14px, 0.875rem + ((1vw - 3.2px) * 0.156), 16px);\" class=\"wp-block-navigation-item wp-block-navigation-link\" data-block-type=\"core\"><a class=\"wp-block-navigation-item__content\"  href=\"https:\/\/well-lighting.com\/en\/uzmanlik-alanlarimiz\/\"><span class=\"wp-block-navigation-item__label\">Our Areas of Expertise<\/span><\/a><\/li><\/ul><\/li><li style=\"font-size: clamp(14px, 0.875rem + ((1vw - 3.2px) * 0.156), 16px);\" class=\"wp-block-navigation-item wp-block-navigation-link\" data-block-type=\"core\"><a class=\"wp-block-navigation-item__content\"  href=\"https:\/\/well-lighting.com\/en\/projelerimiz\/\"><span class=\"wp-block-navigation-item__label\">Our Projects<\/span><\/a><\/li><li style=\"font-size: clamp(14px, 0.875rem + ((1vw - 3.2px) * 0.156), 16px);\" class=\"wp-block-navigation-item wp-block-navigation-link\" data-block-type=\"core\"><a class=\"wp-block-navigation-item__content\"  href=\"https:\/\/well-lighting.com\/en\/iletisim\/\"><span class=\"wp-block-navigation-item__label\">Communication<\/span><\/a><\/li><li style=\"font-size: clamp(14px, 0.875rem + ((1vw - 3.2px) * 0.156), 16px); font-style:normal;font-weight:600;text-decoration:underline;\" class=\"wp-block-navigation-item wp-block-navigation-link\" data-block-type=\"core\"><a class=\"wp-block-navigation-item__content\"  href=\"https:\/\/well-lighting.com\/en\/blog\/\"><span class=\"wp-block-navigation-item__label\">WELL BLOG<\/span><\/a><\/li><\/ul>\n\t\t\t\t\t\t\t<\/div>\n\t\t\t\t\t\t<\/div>\n\t\t\t\t\t<\/div>\n\t\t\t\t<\/div><\/nav><\/div>\n<\/div>\n<\/div>\n<\/div>\n\n\n\n<div class=\"wp-block-group alignfull is-layout-constrained wp-block-group-is-layout-constrained\" data-block-type=\"core\">\n<div class=\"wp-block-group alignfull has-background is-content-justification-center is-layout-constrained wp-container-core-group-is-layout-6a0442cd wp-block-group-is-layout-constrained\" style=\"background-color:#f7f8fa;margin-bottom:0;padding-top:0px;padding-right:40px;padding-bottom:40px;padding-left:40px\" data-block-type=\"core\">\n<div class=\"wp-block-group alignfull has-palette-color-4-background-color has-background is-layout-constrained wp-block-group-is-layout-constrained\" style=\"padding-top:100px;padding-bottom:100px\" data-block-type=\"core\">\n<h2 class=\"wp-block-heading has-text-align-center has-palette-color-6-color has-text-color has-link-color wp-elements-8cd4e02c50704846117debace78cc954\" data-block-type=\"core\">Let's add value to your projects with light!<\/h2>\n\n\n\n<hr class=\"wp-block-separator has-text-color has-alpha-channel-opacity has-background\" style=\"background-color:#f5f5f5;color:#f5f5f5\">\n<\/div>\n<\/div>\n\n\n\n<p data-block-type=\"core\"><\/p>\n<\/div>\n\n\n\n<link rel=\"stylesheet\" href=\"https:\/\/cdnjs.cloudflare.com\/ajax\/libs\/font-awesome\/6.5.1\/css\/all.min.css\">\n\n\n\n<section style=\"max-width:1100px; margin:0 auto; padding:40px 18px; box-sizing:border-box;\">\n\n  <h1 style=\"font-size:28px; margin-bottom:10px; color:#0b1e6b; line-height:1.3;\">\n    Contact Us\n  <\/h1>\n\n  <p style=\"max-width:600px; margin-bottom:35px; color:#555; font-size:16px;\">\n    You can contact us for your projects and collaborations.\n  <\/p>\n\n  <div style=\"display:flex; gap:40px; flex-wrap:wrap;\">\n\n    <!-- SOL -->\n    <div style=\"flex:1 1 300px; min-width:260px;\">\n\n      <p><strong>Address<\/strong><br>\n      Cumhuriyet Neighborhood, Vatan Street, No: 7 C-9<br>\n      34788 \u00c7ekmek\u00f6y \/ Istanbul<\/p>\n\n      <p><strong>E-mail<\/strong><br>\n      <a href=\"mailto:well@well-lighting.com\">well@well-lighting.com<\/a><\/p>\n\n      <p><strong>Phone<\/strong><br>\n      <a href=\"tel:+905552398283\">+90 555 239 82 83<\/a><\/p>\n\n      <p style=\"margin-top:20px;\">\n        <a href=\"https:\/\/api.whatsapp.com\/send\/?phone=905552398283\" target=\"_blank\" style=\"display:inline-block; padding:12px 22px; border:1px solid #0b1e6b; text-decoration:none; color:#0b1e6b;\" rel=\"noopener\">\n          Contact via WhatsApp\n        <\/a>\n      <\/p>\n\n      <div style=\"margin-top:30px; display:flex; gap:18px; font-size:18px;\">\n        <a href=\"https:\/\/www.instagram.com\/well_lighting_design\/\" target=\"_blank\" rel=\"noopener\">Instagram<\/a>\n        <a href=\"https:\/\/www.linkedin.com\/company\/well-lighting-design\/\" target=\"_blank\" rel=\"noopener\">LinkedIn<\/a>\n      <\/div>\n\n    <\/div>\n\n    <!-- SA\u011e FORM -->\n    <div style=\"flex:1 1 300px; min-width:260px;\">\n\n      <form style=\"width:100%;\" action=\"\">\n\n        <input type=\"text\" \n               placeholder=\"First Name Last Name\" \n               style=\"width:100%; padding:14px; margin-bottom:15px; box-sizing:border-box; border:1px solid #ddd;\">\n\n        <input type=\"email\" \n               placeholder=\"Your email address\" \n               style=\"width:100%; padding:14px; margin-bottom:15px; box-sizing:border-box; border:1px solid #ddd;\">\n\n        <textarea \n               placeholder=\"Your Message\" \n               rows=\"5\" \n               style=\"width:100%; padding:14px; margin-bottom:15px; box-sizing:border-box; border:1px solid #ddd;\"><\/textarea>\n\n        <button type=\"submit\" \n                style=\"width:100%; padding:14px; background:#0b1e6b; color:#fff; border:none; font-size:16px;\">\n          Send\n        <\/button>\n\n      <input type=\"hidden\" name=\"trp-form-language\" value=\"en\"\/><\/form>\n\n    <\/div>\n\n  <\/div>\n<\/section>\n\n\n\n<div class=\"wp-block-group alignfull has-background is-layout-flow wp-block-group-is-layout-flow\" style=\"background-color:#f2f4f7;padding-top:25px;padding-right:0;padding-bottom:25px;padding-left:0\" data-block-type=\"core\">\n<p class=\"has-text-align-center has-background\" style=\"background-color:#f2f4f7;font-size:13px;font-style:normal;font-weight:400\" data-block-type=\"core\">\u00a9 2026 WELL Lighting Design<\/p>\n<\/div>","protected":false},"excerpt":{"rendered":"<p>Projelerinize I\u015f\u0131kla De\u011fer Katal\u0131m! Bize Ula\u015f\u0131n Projeleriniz ve i\u015f birlikleri i\u00e7in bizimle ileti\u015fime ge\u00e7ebilirsiniz. Adres Cumhuriyet Mah. Vatan Cad. No: 7 C-9 34788 \u00c7ekmek\u00f6y \/ \u0130stanbul E-posta well@well-lighting.com Telefon +90 555 239 82 83 WhatsApp\u2019tan Ula\u015f Instagram LinkedIn G\u00f6nder \u00a9 2026 WELL Lighting Design<\/p>","protected":false},"author":2,"featured_media":0,"parent":0,"menu_order":0,"comment_status":"closed","ping_status":"closed","template":"","meta":{"footnotes":""},"class_list":["post-3968","page","type-page","status-publish","hentry"],"blocksy_meta":[],"featured_media_urls":[],"_links":{"self":[{"href":"https:\/\/well-lighting.com\/en\/wp-json\/wp\/v2\/pages\/3968","targetHints":{"allow":["GET"]}}],"collection":[{"href":"https:\/\/well-lighting.com\/en\/wp-json\/wp\/v2\/pages"}],"about":[{"href":"https:\/\/well-lighting.com\/en\/wp-json\/wp\/v2\/types\/page"}],"author":[{"embeddable":true,"href":"https:\/\/well-lighting.com\/en\/wp-json\/wp\/v2\/users\/2"}],"replies":[{"embeddable":true,"href":"https:\/\/well-lighting.com\/en\/wp-json\/wp\/v2\/comments?post=3968"}],"version-history":[{"count":14,"href":"https:\/\/well-lighting.com\/en\/wp-json\/wp\/v2\/pages\/3968\/revisions"}],"predecessor-version":[{"id":5909,"href":"https:\/\/well-lighting.com\/en\/wp-json\/wp\/v2\/pages\/3968\/revisions\/5909"}],"wp:attachment":[{"href":"https:\/\/well-lighting.com\/en\/wp-json\/wp\/v2\/media?parent=3968"}],"curies":[{"name":"wp","href":"https:\/\/api.w.org\/{rel}","templated":true}]}}